{"id":3047,"date":"2022-11-22T05:19:29","date_gmt":"2022-11-22T05:19:29","guid":{"rendered":"https:\/\/smsmodeltd.com\/compliance-vision\/"},"modified":"2023-02-05T18:33:40","modified_gmt":"2023-02-05T18:33:40","slug":"compliance-vision","status":"publish","type":"page","link":"https:\/\/smsmodeltd.com\/it\/compliance-vision\/","title":{"rendered":"Visione di conformit\u00e0"},"content":{"rendered":"\t\t<div data-elementor-type=\"wp-page\" data-elementor-id=\"3047\" class=\"elementor elementor-3047\">\n\t\t\t\t\t\t<section class=\"elementor-section elementor-top-section elementor-element elementor-element-026a47c elementor-section-content-middle elementor-section-boxed elementor-section-height-default elementor-section-height-default\" data-id=\"026a47c\" data-element_type=\"section\" data-settings=\"{&quot;background_background&quot;:&quot;classic&quot;}\">\n\t\t\t\t\t\t\t<div class=\"elementor-background-overlay\"><\/div>\n\t\t\t\t\t\t\t<div class=\"elementor-container elementor-column-gap-default\">\n\t\t\t\t\t<div class=\"elementor-column elementor-col-100 elementor-top-column elementor-element elementor-element-5e8858a\" data-id=\"5e8858a\" data-element_type=\"column\">\n\t\t\t<div class=\"elementor-widget-wrap elementor-element-populated\">\n\t\t\t\t\t\t\t<\/div>\n\t\t<\/div>\n\t\t\t\t\t<\/div>\n\t\t<\/section>\n\t\t\t\t<section class=\"elementor-section elementor-top-section elementor-element elementor-element-d58edfd elementor-section-content-middle elementor-section-boxed elementor-section-height-default elementor-section-height-default\" data-id=\"d58edfd\" data-element_type=\"section\" data-settings=\"{&quot;background_background&quot;:&quot;classic&quot;}\">\n\t\t\t\t\t\t\t<div class=\"elementor-background-overlay\"><\/div>\n\t\t\t\t\t\t\t<div class=\"elementor-container elementor-column-gap-default\">\n\t\t\t\t\t<div class=\"elementor-column elementor-col-100 elementor-top-column elementor-element elementor-element-fbd6735\" data-id=\"fbd6735\" data-element_type=\"column\">\n\t\t\t<div class=\"elementor-widget-wrap elementor-element-populated\">\n\t\t\t\t\t\t<div class=\"elementor-element elementor-element-cbefa20 elementor-widget elementor-widget-heading\" data-id=\"cbefa20\" data-element_type=\"widget\" data-widget_type=\"heading.default\">\n\t\t\t\t<div class=\"elementor-widget-container\">\n\t\t\t<style>\/*! elementor - v3.21.0 - 30-04-2024 *\/\n.elementor-heading-title{padding:0;margin:0;line-height:1}.elementor-widget-heading .elementor-heading-title[class*=elementor-size-]>a{color:inherit;font-size:inherit;line-height:inherit}.elementor-widget-heading .elementor-heading-title.elementor-size-small{font-size:15px}.elementor-widget-heading .elementor-heading-title.elementor-size-medium{font-size:19px}.elementor-widget-heading .elementor-heading-title.elementor-size-large{font-size:29px}.elementor-widget-heading .elementor-heading-title.elementor-size-xl{font-size:39px}.elementor-widget-heading .elementor-heading-title.elementor-size-xxl{font-size:59px}<\/style><h2 class=\"elementor-heading-title elementor-size-default\">Ci interessano le storie di responsabilit\u00e0<\/h2>\t\t<\/div>\n\t\t\t\t<\/div>\n\t\t\t\t<div class=\"elementor-element elementor-element-0e76966 elementor-widget elementor-widget-text-editor\" data-id=\"0e76966\" data-element_type=\"widget\" data-widget_type=\"text-editor.default\">\n\t\t\t\t<div class=\"elementor-widget-container\">\n\t\t\t<style>\/*! elementor - v3.21.0 - 30-04-2024 *\/\n.elementor-widget-text-editor.elementor-drop-cap-view-stacked .elementor-drop-cap{background-color:#69727d;color:#fff}.elementor-widget-text-editor.elementor-drop-cap-view-framed .elementor-drop-cap{color:#69727d;border:3px solid;background-color:transparent}.elementor-widget-text-editor:not(.elementor-drop-cap-view-default) .elementor-drop-cap{margin-top:8px}.elementor-widget-text-editor:not(.elementor-drop-cap-view-default) .elementor-drop-cap-letter{width:1em;height:1em}.elementor-widget-text-editor .elementor-drop-cap{float:left;text-align:center;line-height:1;font-size:50px}.elementor-widget-text-editor .elementor-drop-cap-letter{display:inline-block}<\/style>\t\t\t\t<p>SMS MODE Limited crede nella sostenibilit\u00e0, affidabilit\u00e0, riciclaggio e responsabilit\u00e0 nei confronti della terra. Incoraggiamo i leader della generazione di oggi a essere amministratori del nostro ambiente per un domani migliore e sostenibile. Aspiriamo a relazioni e collaborazione sostenibili con le persone con cui lavoriamo, i processi a cui ci atteniamo e l&#8217;ambiente e la societ\u00e0 in cui ci troviamo.<\/p><p>Combinando la nostra passione e conoscenza con nuove visioni e dati convincenti, cerchiamo di modellare il modo in cui le aziende e le comunit\u00e0 preservano e proteggono l&#8217;ambiente oggi.<\/p><p>Con i nostri impianti di produzione alleati seguiamo il seguente Codice di Condotta come Responsabilit\u00e0 Sociale d&#8217;Impresa (CSR)<\/p><p>Il nostro codice deriva dai valori e dagli standard stabiliti dai nostri clienti, le Nazioni Unite, in particolare la Dichiarazione dei diritti umani e molte delle convenzioni fondamentali dell&#8217;ILO e la LEGGE locale.<\/p><p><strong>1. Preferenza degli acquirenti:<\/strong> \u00e8 nostro serio impegno soddisfare tutti gli aspetti del codice di condotta dei nostri acquirenti. Lavoriamo solo con fabbriche approvate dai nostri acquirenti.<\/p><p><strong>2. Lavoro minorile:<\/strong> l&#8217;uso del lavoro minorile non \u00e8 tollerato. Non lavoriamo con tali partner commerciali che impiegano lavoratori di et\u00e0 inferiore ai 15 anni. Inoltre, ci assicuriamo che nessun lavoratore sia pi\u00f9 giovane dell&#8217;et\u00e0 scolare obbligatoria nella rispettiva fabbrica in cui opera.<\/p><p><strong>3. Lavoro forzato:<\/strong> non lavoriamo con nessuna fabbrica o organizzazione che si occupa di lavoro forzato o vincolato.<\/p><p><strong>4. Pratiche disciplinari:<\/strong> ci aspettiamo che tutti i nostri partner commerciali stabiliscano una chiara procedura di azione disciplinare in linea con la legge locale. Non lavoriamo con fabbriche i cui dipendenti usano un linguaggio offensivo o praticano punizioni corporali, sotto forma di abusi mentali o fisici o qualsiasi pratica coercitiva nei confronti dei lavoratori.<\/p><p><strong>5. Abuso e molestie:<\/strong> non lavoriamo con alcuna fabbrica o organizzazione che si impegna in abusi e molestie. \u00c8 severamente proibito dal Codice di condotta dell&#8217;acquirente, secondo la nostra etica aziendale e la nostra legge locale.<\/p><p><strong>6. Requisiti legali:<\/strong> ci aspettiamo che tutti i nostri partner commerciali rispettino le leggi locali applicabili alla conduzione della loro attivit\u00e0.<\/p><p><strong>7. Standard etici:<\/strong> cerchiamo di identificare e lavorare con tali organizzazioni i cui standard etici non sono diversi dai nostri.<\/p><p><strong>8. Orario di lavoro:<\/strong> preferiamo lavorare con partner commerciali che cercano di rispettare il limite di 60 ore settimanali. Ogni volta che viene superato il normale limite dell&#8217;orario di lavoro, ci aspettiamo che i lavoratori ricevano un compenso in base alla legge locale per le ore aggiuntive. Accettiamo flessibilit\u00e0 nella programmazione dell&#8217;orario di lavoro, tuttavia non lavoriamo con partner commerciali, che su base regolare e sistematica lavorano pi\u00f9 di 60 ore settimanali. Inoltre, i lavoratori meritano un giorno libero in sette giorni.<\/p><p><strong>9. Salari e benefici:<\/strong> lavoriamo solo con quei partner commerciali che compensano i propri lavoratori secondo la legge vigente e forniscono tutti i benefici loro legalmente dovuti.<\/p><p><strong>10. Libert\u00e0 di associazione:<\/strong> rispettiamo il diritto dei lavoratori di aderire a un&#8217;associazione di loro scelta e il loro diritto alla contrattazione collettiva. Lavoriamo con tali partner commerciali che condividono questa convinzione e assicuriamo che i lavoratori che partecipano o si associano a tali movimenti non siano discriminati. Sconsigliamo di intraprendere qualsiasi azione punitiva nei confronti di tali lavoratori per aver fatto parte di tale associazione o movimento, purch\u00e9 non violino nessuna delle leggi locali.<\/p><p><strong>11. Discriminazione:<\/strong> pur essendo consapevoli delle differenze culturali, religiose e di altro tipo, crediamo fermamente che ai lavoratori debba essere data l&#8217;opportunit\u00e0 di lavorare solo in base alle loro competenze. La casta, il credo, la razza ecc. non devono far parte del processo utilizzato per decidere l&#8217;occupabilit\u00e0.<\/p><p><strong>12. Subappalto non autorizzato:<\/strong> il subappalto non autorizzato \u00e8 considerato una violazione della tolleranza zero. Nessun fornitore \u00e8 autorizzato a subappaltare qualsiasi aspetto della produzione senza previa informazione e approvazione da parte della nostra azienda. Qualsiasi violazione comporta il delisting di tali fabbriche.<\/p><p><strong>13. Sicurezza degli edifici e antincendio:<\/strong> ci assicuriamo che tutti i nostri partner commerciali garantiscano la sicurezza degli edifici e degli incendi secondo la legge locale e i requisiti degli acquirenti.<\/p><p><strong>14. Salute e salute Sicurezza:<\/strong> ci impegniamo solo con fabbriche che forniscono ai loro lavoratori un ambiente di lavoro sicuro e salutare.<\/p><p><strong>15. Ambiente:<\/strong> vogliamo che tutti i nostri partner commerciali assicurino che il loro processo lavorativo non influisca negativamente sull&#8217;ambiente in alcun modo. Ci assicuriamo che tutti i nostri partner commerciali soddisfino i requisiti legali su tutti gli aspetti ambientali e ci sforziamo continuamente di andare oltre il semplice rispetto della legge.<\/p>\t\t\t\t\t\t<\/div>\n\t\t\t\t<\/div>\n\t\t\t\t\t<\/div>\n\t\t<\/div>\n\t\t\t\t\t<\/div>\n\t\t<\/section>\n\t\t\t\t<\/div>\n\t\t","protected":false},"excerpt":{"rendered":"<p>Ci interessano le storie di responsabilit\u00e0 SMS MODE Limited crede nella sostenibilit\u00e0, affidabilit\u00e0, riciclaggio e responsabilit\u00e0 nei confronti della terra. Incoraggiamo i leader della generazione di oggi a essere amministratori del nostro ambiente per un domani migliore e sostenibile. Aspiriamo a relazioni e collaborazione sostenibili con le persone con cui lavoriamo, i processi a cui [&hellip;]<\/p>\n","protected":false},"author":1,"featured_media":0,"parent":0,"menu_order":0,"comment_status":"closed","ping_status":"closed","template":"","meta":{"site-sidebar-layout":"no-sidebar","site-content-layout":"page-builder","ast-site-content-layout":"","site-content-style":"default","site-sidebar-style":"default","ast-global-header-display":"","ast-banner-title-visibility":"","ast-main-header-display":"","ast-hfb-above-header-display":"","ast-hfb-below-header-display":"","ast-hfb-mobile-header-display":"","site-post-title":"disabled","ast-breadcrumbs-content":"","ast-featured-img":"disabled","footer-sml-layout":"","theme-transparent-header-meta":"","adv-header-id-meta":"","stick-header-meta":"","header-above-stick-meta":"","header-main-stick-meta":"","header-below-stick-meta":"","astra-migrate-meta-layouts":"default","ast-page-background-enabled":"default","ast-page-background-meta":{"desktop":{"background-color":"var(--ast-global-color-4)","background-image":"","background-repeat":"repeat","background-position":"center center","background-size":"auto","background-attachment":"scroll","background-type":"","background-media":"","overlay-type":"","overlay-color":"","overlay-gradient":""},"tablet":{"background-color":"","background-image":"","background-repeat":"repeat","background-position":"center center","background-size":"auto","background-attachment":"scroll","background-type":"","background-media":"","overlay-type":"","overlay-color":"","overlay-gradient":""},"mobile":{"background-color":"","background-image":"","background-repeat":"repeat","background-position":"center center","background-size":"auto","background-attachment":"scroll","background-type":"","background-media":"","overlay-type":"","overlay-color":"","overlay-gradient":""}},"ast-content-background-meta":{"desktop":{"background-color":"var(--ast-global-color-5)","background-image":"","background-repeat":"repeat","background-position":"center center","background-size":"auto","background-attachment":"scroll","background-type":"","background-media":"","overlay-type":"","overlay-color":"","overlay-gradient":""},"tablet":{"background-color":"var(--ast-global-color-5)","background-image":"","background-repeat":"repeat","background-position":"center center","background-size":"auto","background-attachment":"scroll","background-type":"","background-media":"","overlay-type":"","overlay-color":"","overlay-gradient":""},"mobile":{"background-color":"var(--ast-global-color-5)","background-image":"","background-repeat":"repeat","background-position":"center center","background-size":"auto","background-attachment":"scroll","background-type":"","background-media":"","overlay-type":"","overlay-color":"","overlay-gradient":""}},"footnotes":""},"class_list":["post-3047","page","type-page","status-publish","hentry"],"_links":{"self":[{"href":"https:\/\/smsmodeltd.com\/it\/wp-json\/wp\/v2\/pages\/3047","targetHints":{"allow":["GET"]}}],"collection":[{"href":"https:\/\/smsmodeltd.com\/it\/wp-json\/wp\/v2\/pages"}],"about":[{"href":"https:\/\/smsmodeltd.com\/it\/wp-json\/wp\/v2\/types\/page"}],"author":[{"embeddable":true,"href":"https:\/\/smsmodeltd.com\/it\/wp-json\/wp\/v2\/users\/1"}],"replies":[{"embeddable":true,"href":"https:\/\/smsmodeltd.com\/it\/wp-json\/wp\/v2\/comments?post=3047"}],"version-history":[{"count":21,"href":"https:\/\/smsmodeltd.com\/it\/wp-json\/wp\/v2\/pages\/3047\/revisions"}],"predecessor-version":[{"id":3639,"href":"https:\/\/smsmodeltd.com\/it\/wp-json\/wp\/v2\/pages\/3047\/revisions\/3639"}],"wp:attachment":[{"href":"https:\/\/smsmodeltd.com\/it\/wp-json\/wp\/v2\/media?parent=3047"}],"curies":[{"name":"wp","href":"https:\/\/api.w.org\/{rel}","templated":true}]}}